{"id":15,"date":"2023-12-20T17:31:58","date_gmt":"2023-12-20T16:31:58","guid":{"rendered":"http:\/\/festival-photo-nature-montagne.fr\/?page_id=15"},"modified":"2026-01-11T19:33:40","modified_gmt":"2026-01-11T18:33:40","slug":"a-propos-de","status":"publish","type":"page","link":"https:\/\/www.festival-photo-nature-montagne.fr\/index.php\/a-propos-de\/","title":{"rendered":"\u00c0 propos"},"content":{"rendered":"\n<p>En tant que photographes amateurs, nous avons toujours r\u00eav\u00e9 de cr\u00e9er un festival photo. La mairie de Montbonnot-St-Martin r\u00e9alise notre r\u00eave. Nous allons permettre \u00e0 de brillants photographes locaux de pr\u00e9senter leur travail. Le th\u00e8me est assez large : photo nature ( de paysages et animali\u00e8re tous pays) et photos de montagne (paysages mais aussi villages, habitants&#8230;)<\/p>\n\n\n\n<p>Notre fine \u00e9quipe, men\u00e9e par Tristan, est compos\u00e9e de Marie, Fran\u00e7oise, Pascale, Marianne, R\u00e9gis, Fr\u00e9d\u00e9rique, Marine, et Patrick.<br><\/p>\n\n\n\n<div class=\"wp-block-file has-custom-couleur-1-background-color has-background\" style=\"border-style:none;border-width:0px;margin-top:0;margin-bottom:0;padding-top:0;padding-right:var(--wp--preset--spacing--30);padding-bottom:0;padding-left:var(--wp--preset--spacing--30)\"><a id=\"wp-block-file--media-238e3a47-db82-4027-80f1-0f27ab96f773\" href=\"https:\/\/www.festival-photo-nature-montagne.fr\/wp-content\/uploads\/2025\/08\/2025_rapport_moral.pdf\">Rapport moral 2025 [PDF]<\/a><a href=\"https:\/\/www.festival-photo-nature-montagne.fr\/wp-content\/uploads\/2025\/08\/2025_rapport_moral.pdf\" class=\"wp-block-file__button wp-element-button\" download aria-describedby=\"wp-block-file--media-238e3a47-db82-4027-80f1-0f27ab96f773\">T\u00e9l\u00e9charger<\/a><\/div>\n\n\n\n<figure class=\"wp-block-image size-full\"><img loading=\"lazy\" decoding=\"async\" width=\"800\" height=\"533\" src=\"https:\/\/www.festival-photo-nature-montagne.fr\/wp-content\/uploads\/2024\/06\/festival-67.jpg\" alt=\"\" class=\"wp-image-512\" srcset=\"https:\/\/www.festival-photo-nature-montagne.fr\/wp-content\/uploads\/2024\/06\/festival-67.jpg 800w, https:\/\/www.festival-photo-nature-montagne.fr\/wp-content\/uploads\/2024\/06\/festival-67-300x200.jpg 300w, https:\/\/www.festival-photo-nature-montagne.fr\/wp-content\/uploads\/2024\/06\/festival-67-768x512.jpg 768w\" sizes=\"auto, (max-width: 800px) 100vw, 800px\" \/><\/figure>\n","protected":false},"excerpt":{"rendered":"<p>En tant que photographes amateurs, nous avons toujours r\u00eav\u00e9 de cr\u00e9er un festival photo. La mairie de Montbonnot-St-Martin r\u00e9alise notre r\u00eave. Nous allons permettre \u00e0 de brillants photographes locaux de pr\u00e9senter leur travail. Le th\u00e8me est assez large : photo nature ( de paysages et animali\u00e8re tous pays) et photos de montagne (paysages mais aussi [&hellip;]<\/p>\n","protected":false},"author":1,"featured_media":0,"parent":0,"menu_order":0,"comment_status":"closed","ping_status":"closed","template":"","meta":{"footnotes":""},"class_list":["post-15","page","type-page","status-publish","hentry"],"_links":{"self":[{"href":"https:\/\/www.festival-photo-nature-montagne.fr\/index.php\/wp-json\/wp\/v2\/pages\/15","targetHints":{"allow":["GET"]}}],"collection":[{"href":"https:\/\/www.festival-photo-nature-montagne.fr\/index.php\/wp-json\/wp\/v2\/pages"}],"about":[{"href":"https:\/\/www.festival-photo-nature-montagne.fr\/index.php\/wp-json\/wp\/v2\/types\/page"}],"author":[{"embeddable":true,"href":"https:\/\/www.festival-photo-nature-montagne.fr\/index.php\/wp-json\/wp\/v2\/users\/1"}],"replies":[{"embeddable":true,"href":"https:\/\/www.festival-photo-nature-montagne.fr\/index.php\/wp-json\/wp\/v2\/comments?post=15"}],"version-history":[{"count":9,"href":"https:\/\/www.festival-photo-nature-montagne.fr\/index.php\/wp-json\/wp\/v2\/pages\/15\/revisions"}],"predecessor-version":[{"id":959,"href":"https:\/\/www.festival-photo-nature-montagne.fr\/index.php\/wp-json\/wp\/v2\/pages\/15\/revisions\/959"}],"wp:attachment":[{"href":"https:\/\/www.festival-photo-nature-montagne.fr\/index.php\/wp-json\/wp\/v2\/media?parent=15"}],"curies":[{"name":"wp","href":"https:\/\/api.w.org\/{rel}","templated":true}]}}