{"id":16,"date":"2023-12-20T17:31:58","date_gmt":"2023-12-20T16:31:58","guid":{"rendered":"http:\/\/festival-photo-nature-montagne.fr\/?page_id=16"},"modified":"2026-01-24T18:10:02","modified_gmt":"2026-01-24T17:10:02","slug":"contact","status":"publish","type":"page","link":"https:\/\/www.festival-photo-nature-montagne.fr\/index.php\/contact\/","title":{"rendered":"Contact"},"content":{"rendered":"\n<p>Le festival est organis\u00e9 par l&rsquo;association Festival Photo Nature et Montagne. <\/p>\n\n\n\n<p>Vous pouvez nous contacter via notre <a href=\"https:\/\/www.facebook.com\/festivalphotonaturemontagne\/\" data-type=\"link\" data-id=\"https:\/\/www.facebook.com\/festivalphotonaturemontagne\/\">page Facebook<\/a> ou par mail : <a href=\"mailto:festivalphotonaturemontagne@gmail.com\">festivalphotonaturemontagne@gmail.com<\/a> .<\/p>\n\n\n\n<p>Vous pouvez aussi nous suivre sur <a href=\"https:\/\/www.instagram.com\/festivalphotonaturemontagne\/\">Instagram<\/a>.<\/p>\n\n\n\n<p>Enfin, vous pouvez vous inscrire \u00e0 notre newsletter (une dizaine d&rsquo;envois au maximum chaque ann\u00e9e) avec le formulaire ci-dessous :  <\/p>\n\n\n\n<iframe loading=\"lazy\" width=\"540\" height=\"560\" src=\"https:\/\/fc9e71e5.sibforms.com\/serve\/MUIFAGaZ1SU-GRdmXYSpjmGXNrraoSdUvBaNKfQo3GSehowGEU91xU_kRw-aLkYXCa0rpKWqLkehW-KQVdqLXKHz-uxAmUDCz3KBejiLkOEnHLOws3YoKlrSfNu2LyWf5pPsj86NjSBTcZvDykrh7YNJ8UDROHodfjfagmB2cfZQB7edTSS7f0b4YkZWblDiQ0VuHt_UYh9IzgkW\" frameborder=\"0\" scrolling=\"auto\" allowfullscreen style=\"display: block;margin-left: auto;margin-right: auto;max-width: 100%;\"><\/iframe>\n\n\n\n<hr class=\"wp-block-separator has-alpha-channel-opacity is-style-wide\"\/>\n\n\n\n<p>Traitement des donn\u00e9es personnelles : voici <a href=\"https:\/\/www.festival-photo-nature-montagne.fr\/wp-content\/uploads\/2026\/01\/Charte-de-confidentialite-RGPD_FestivalPhotoNatureEtMontagne.pdf\" data-type=\"attachment\" data-id=\"972\">notre charte de confidentialit\u00e9<\/a><\/p>\n\n\n\n<p><\/p>\n","protected":false},"excerpt":{"rendered":"<p>Le festival est organis\u00e9 par l&rsquo;association Festival Photo Nature et Montagne. Vous pouvez nous contacter via notre page Facebook ou par mail : festivalphotonaturemontagne@gmail.com . Vous pouvez aussi nous suivre sur Instagram. Enfin, vous pouvez vous inscrire \u00e0 notre newsletter (une dizaine d&rsquo;envois au maximum chaque ann\u00e9e) avec le formulaire ci-dessous : Traitement des donn\u00e9es [&hellip;]<\/p>\n","protected":false},"author":1,"featured_media":0,"parent":0,"menu_order":0,"comment_status":"closed","ping_status":"closed","template":"","meta":{"footnotes":""},"class_list":["post-16","page","type-page","status-publish","hentry"],"_links":{"self":[{"href":"https:\/\/www.festival-photo-nature-montagne.fr\/index.php\/wp-json\/wp\/v2\/pages\/16","targetHints":{"allow":["GET"]}}],"collection":[{"href":"https:\/\/www.festival-photo-nature-montagne.fr\/index.php\/wp-json\/wp\/v2\/pages"}],"about":[{"href":"https:\/\/www.festival-photo-nature-montagne.fr\/index.php\/wp-json\/wp\/v2\/types\/page"}],"author":[{"embeddable":true,"href":"https:\/\/www.festival-photo-nature-montagne.fr\/index.php\/wp-json\/wp\/v2\/users\/1"}],"replies":[{"embeddable":true,"href":"https:\/\/www.festival-photo-nature-montagne.fr\/index.php\/wp-json\/wp\/v2\/comments?post=16"}],"version-history":[{"count":23,"href":"https:\/\/www.festival-photo-nature-montagne.fr\/index.php\/wp-json\/wp\/v2\/pages\/16\/revisions"}],"predecessor-version":[{"id":987,"href":"https:\/\/www.festival-photo-nature-montagne.fr\/index.php\/wp-json\/wp\/v2\/pages\/16\/revisions\/987"}],"wp:attachment":[{"href":"https:\/\/www.festival-photo-nature-montagne.fr\/index.php\/wp-json\/wp\/v2\/media?parent=16"}],"curies":[{"name":"wp","href":"https:\/\/api.w.org\/{rel}","templated":true}]}}